{"id":10272,"date":"2025-05-15T19:26:47","date_gmt":"2025-05-15T19:26:47","guid":{"rendered":"https:\/\/site.astrofoto.com.pt\/welcome\/?post_type=product&#038;p=10272"},"modified":"2025-05-15T19:26:47","modified_gmt":"2025-05-15T19:26:47","slug":"camara-zwo-asi-715mc-cor","status":"publish","type":"product","link":"https:\/\/site.astrofoto.com.pt\/welcome\/produto\/camara-zwo-asi-715mc-cor\/","title":{"rendered":"Camara ZWO ASI 715MC COR"},"content":{"rendered":"<p><strong>C\u00e2mara ZWO ASI 715MC COR<\/strong><\/p>\n<p>\u2022 Sensor: CMOS Sony IMX715<br \/>\n\u2022 Megapixel: 8,46<br \/>\n\u2022 Resolu\u00e7\u00e3o: 3864&#215;2192 px<br \/>\n\u2022 Tamanho de pixel: 5,6&#215;3,2<br \/>\n\u2022 USB 3.0 &amp; ST4<br \/>\n\u2022 Bit: 12<br \/>\n\u2022 Temperatura de funcionamento: -5\u00ba a +45\u00ba<br \/>\n\u2022 Tempo de exposi\u00e7\u00e3o m\u00e1xima: 12m<br \/>\n\u2022 Tempo de exposi\u00e7\u00e3o min.: 32 \u00b5s<br \/>\n\u2022 Imagens por segundo: 45,1<br \/>\n\u2022 Chip \u2013 Diagonal: 6,45 mm<br \/>\n\u2022 Tamanho do chip: 5,6 x 3,1 mm<br \/>\n\u2022 Reading noise: 6,9 e- bis 0,8 e-<br \/>\n\u2022 Full Well Capacity:37,8 ke-<br \/>\n\u2022 Autoguider: RJ12 compativel ST4<br \/>\n\u2022 Alimenta\u00e7\u00e3o 5v (USB)<br \/>\n\u2022 Entrada (Telescopio): T2 (M42x0.75)<br \/>\n\u2022 Diametro: 62mm<br \/>\n\u2022 Altura: 35mm<br \/>\n\u2022 Peso: 126gr<\/p>\n","protected":false},"excerpt":{"rendered":"<p>C\u00e2mara ZWO ASI 715MC COR \u2022 Sensor: CMOS Sony IMX715 \u2022 Megapixel: 8,46 \u2022 Resolu\u00e7\u00e3o: 3864&#215;2192 px \u2022 Tamanho de pixel: 5,6&#215;3,2 \u2022 USB 3.0 &amp; ST4 \u2022 Bit: 12 \u2022 Temperatura de funcionamento: -5\u00ba a +45\u00ba \u2022 Tempo de exposi\u00e7\u00e3o m\u00e1xima: 12m \u2022 Tempo de exposi\u00e7\u00e3o min.: 32 \u00b5s \u2022 Imagens por segundo: 45,1<\/p>\n<div class=\"more-link\">\n\t\t\t\t <a href=\"https:\/\/site.astrofoto.com.pt\/welcome\/produto\/camara-zwo-asi-715mc-cor\/\" class=\"btn theme-btn inverted\"><span>Continuar a Ler <\/span><\/a>\n\t\t\t<\/div>\n","protected":false},"featured_media":10275,"comment_status":"closed","ping_status":"closed","template":"","meta":[],"product_brand":[],"product_cat":[24],"product_tag":[],"class_list":{"0":"post-10272","1":"product","2":"type-product","3":"status-publish","4":"has-post-thumbnail","6":"product_cat-fotografia-astronomica","8":"first","9":"onbackorder","10":"shipping-taxable","11":"purchasable","12":"product-type-simple"},"_links":{"self":[{"href":"https:\/\/site.astrofoto.com.pt\/welcome\/wp-json\/wp\/v2\/product\/10272","targetHints":{"allow":["GET"]}}],"collection":[{"href":"https:\/\/site.astrofoto.com.pt\/welcome\/wp-json\/wp\/v2\/product"}],"about":[{"href":"https:\/\/site.astrofoto.com.pt\/welcome\/wp-json\/wp\/v2\/types\/product"}],"replies":[{"embeddable":true,"href":"https:\/\/site.astrofoto.com.pt\/welcome\/wp-json\/wp\/v2\/comments?post=10272"}],"wp:featuredmedia":[{"embeddable":true,"href":"https:\/\/site.astrofoto.com.pt\/welcome\/wp-json\/wp\/v2\/media\/10275"}],"wp:attachment":[{"href":"https:\/\/site.astrofoto.com.pt\/welcome\/wp-json\/wp\/v2\/media?parent=10272"}],"wp:term":[{"taxonomy":"product_brand","embeddable":true,"href":"https:\/\/site.astrofoto.com.pt\/welcome\/wp-json\/wp\/v2\/product_brand?post=10272"},{"taxonomy":"product_cat","embeddable":true,"href":"https:\/\/site.astrofoto.com.pt\/welcome\/wp-json\/wp\/v2\/product_cat?post=10272"},{"taxonomy":"product_tag","embeddable":true,"href":"https:\/\/site.astrofoto.com.pt\/welcome\/wp-json\/wp\/v2\/product_tag?post=10272"}],"curies":[{"name":"wp","href":"https:\/\/api.w.org\/{rel}","templated":true}]}}