{"id":10262,"date":"2025-05-08T10:42:25","date_gmt":"2025-05-08T10:42:25","guid":{"rendered":"https:\/\/site.astrofoto.com.pt\/welcome\/?post_type=product&#038;p=10262"},"modified":"2025-05-08T13:23:13","modified_gmt":"2025-05-08T13:23:13","slug":"celestron-edge-hd-11-ota-usado","status":"publish","type":"product","link":"https:\/\/site.astrofoto.com.pt\/welcome\/produto\/celestron-edge-hd-11-ota-usado\/","title":{"rendered":"Celestron Edge HD 11&#8243; OTA usado"},"content":{"rendered":"<p><strong>Tubo \u00f3ptico EDGE HD 11&#8243; usado (como NOVO)<\/strong><\/p>\n<p><em>\u25baAs negocia\u00e7\u00f5es ser\u00e3o diretas entre vendedor e comprador<\/em><br \/>\n<em>Apenas garantimos o estado do equipamento e, neste caso, a idoneidade do vendedor.<\/em><br \/>\n<em>\u25baN\u00e3o\u00a0 efetue pagamentos antes da conclus\u00e3o das negocia\u00e7\u00f5es<\/em><strong><br \/>\n<\/strong><br \/>\n\u2022 Abertura: 279mm<br \/>\n\u2022 Distancia focal de 2800mm<br \/>\n\u2022 Raz\u00e3o focal: f\/10<br \/>\n\u2022 Peso: 12,7Kg<br \/>\n\u2022 Tratamento Starbright\u00ae XLT<br \/>\n\u25ba Strehl Ratio de 0.969<\/p>\n<p>Tubo \u00f3ptico Celestron C11 Edge HD OTA, em estado \u201ccomo novo\u201d e com qualidade \u00f3tica certificada com Strehl Ratio de 0.969.<br \/>\nEste telesc\u00f3pio foi cuidadosamente selecionado \u00e0 m\u00e3o entre v\u00e1rias unidades dispon\u00edveis no fornecedor, sendo escolhida aquela com melhor colima\u00e7\u00e3o e aspeto \u00f3tico.<br \/>\nPosteriormente, foi enviada para o especialista Mr Rohr para testes laboratoriais \u2014 um processo que envolveu um investimento adicional e significativo.<br \/>\nEsta unidade foi testada por Mr Rohr, um dos maiores especialistas europeus em testes interferom\u00e9tricos de telesc\u00f3pios. O relat\u00f3rio certifica uma qualidade \u00f3tica excecional, com Strehl Ratio de 0.969 e a nota descritiva: &#8220;Extraordinary system&#8221;.<br \/>\n\u25baInclu\u00eddos ainda os seguintes acess\u00f3rios no valor aproximado de 650 \u20ac:<br \/>\n\u2022Feather touch micro<br \/>\n\u2022Baader Clicklock 2\u201d<br \/>\n\u2022Celestron T Adapter<br \/>\nTodos em excelente estado e compat\u00edveis com este modelo.<br \/>\nO telesc\u00f3pio foi comprado para um projeto que acabou por n\u00e3o avan\u00e7ar, pelo que foi usado apenas para os testes efetuados pelo fornecedor para os testes de certifica\u00e7\u00e3o \u00f3tica.<br \/>\nSem danos de uso, riscos ou fungos<\/p>\n<p>&nbsp;<\/p>\n<p>&nbsp;<\/p>\n<p>#RC<\/p>\n","protected":false},"excerpt":{"rendered":"<p>Tubo \u00f3ptico EDGE HD 11&#8243; usado (como NOVO) \u25baAs negocia\u00e7\u00f5es ser\u00e3o diretas entre vendedor e comprador Apenas garantimos o estado do equipamento e, neste caso, a idoneidade do vendedor. \u25baN\u00e3o\u00a0 efetue pagamentos antes da conclus\u00e3o das negocia\u00e7\u00f5es \u2022 Abertura: 279mm \u2022 Distancia focal de 2800mm \u2022 Raz\u00e3o focal: f\/10 \u2022 Peso: 12,7Kg \u2022 Tratamento Starbright\u00ae<\/p>\n<div class=\"more-link\">\n\t\t\t\t <a href=\"https:\/\/site.astrofoto.com.pt\/welcome\/produto\/celestron-edge-hd-11-ota-usado\/\" class=\"btn theme-btn inverted\"><span>Continuar a Ler <\/span><\/a>\n\t\t\t<\/div>\n","protected":false},"featured_media":10267,"comment_status":"closed","ping_status":"closed","template":"","meta":[],"product_brand":[],"product_cat":[17,46],"product_tag":[],"class_list":{"0":"post-10262","1":"product","2":"type-product","3":"status-publish","4":"has-post-thumbnail","6":"product_cat-telescopios-catadioptricos","7":"product_cat-usados","9":"first","10":"instock","11":"sale","12":"shipping-taxable","13":"purchasable","14":"product-type-simple"},"_links":{"self":[{"href":"https:\/\/site.astrofoto.com.pt\/welcome\/wp-json\/wp\/v2\/product\/10262","targetHints":{"allow":["GET"]}}],"collection":[{"href":"https:\/\/site.astrofoto.com.pt\/welcome\/wp-json\/wp\/v2\/product"}],"about":[{"href":"https:\/\/site.astrofoto.com.pt\/welcome\/wp-json\/wp\/v2\/types\/product"}],"replies":[{"embeddable":true,"href":"https:\/\/site.astrofoto.com.pt\/welcome\/wp-json\/wp\/v2\/comments?post=10262"}],"wp:featuredmedia":[{"embeddable":true,"href":"https:\/\/site.astrofoto.com.pt\/welcome\/wp-json\/wp\/v2\/media\/10267"}],"wp:attachment":[{"href":"https:\/\/site.astrofoto.com.pt\/welcome\/wp-json\/wp\/v2\/media?parent=10262"}],"wp:term":[{"taxonomy":"product_brand","embeddable":true,"href":"https:\/\/site.astrofoto.com.pt\/welcome\/wp-json\/wp\/v2\/product_brand?post=10262"},{"taxonomy":"product_cat","embeddable":true,"href":"https:\/\/site.astrofoto.com.pt\/welcome\/wp-json\/wp\/v2\/product_cat?post=10262"},{"taxonomy":"product_tag","embeddable":true,"href":"https:\/\/site.astrofoto.com.pt\/welcome\/wp-json\/wp\/v2\/product_tag?post=10262"}],"curies":[{"name":"wp","href":"https:\/\/api.w.org\/{rel}","templated":true}]}}