{"id":10248,"date":"2025-04-10T12:11:35","date_gmt":"2025-04-10T12:11:35","guid":{"rendered":"https:\/\/site.astrofoto.com.pt\/welcome\/?post_type=product&#038;p=10248"},"modified":"2025-04-10T12:49:18","modified_gmt":"2025-04-10T12:49:18","slug":"telescopio-skywatcher-quattro-6","status":"publish","type":"product","link":"https:\/\/site.astrofoto.com.pt\/welcome\/produto\/telescopio-skywatcher-quattro-6\/","title":{"rendered":"Telescopio Skywatcher Quattro 6&#8243;"},"content":{"rendered":"<p>&nbsp;<\/p>\n<p><strong>Telescopio SkyWatcher Quattro 6\u2033<\/strong><\/p>\n<p>\u2022 Tubo Optico Newton SkyWatcher 150\/600 Black Diamond<br \/>\n\u2022 Tubo \u00d3ptico em a\u00e7o<br \/>\n\u2022 Com dovetail e an\u00e9is de fixa\u00e7\u00e3o<br \/>\n\u2022 Dist\u00e2ncia Focal 600mm\u00a0 com corretor: 517mm<br \/>\n\u2022 Raz\u00e3o Focal: f\/4 com corretor: \u00a0f\/3,45<br \/>\n\u2022 Espelho Primario Parab\u00f3lico e secund\u00e1rio plano<br \/>\n\u2022 Buscador 6x30mm<br \/>\n\u2022 Focador Crayford 50.8\/31.75 com microfocador (1:10)<br \/>\n\u2022 Corretor de Coma \/ Redutor: 0,86x 4 elementos ED &#8211; sa\u00edda M48 M<br \/>\n\u2022 Dimens\u00f5es 184mm x 560mm<br \/>\n\u2022 Peso 5,7kg<\/p>\n","protected":false},"excerpt":{"rendered":"<p>&nbsp; Telescopio SkyWatcher Quattro 6\u2033 \u2022 Tubo Optico Newton SkyWatcher 150\/600 Black Diamond \u2022 Tubo \u00d3ptico em a\u00e7o \u2022 Com dovetail e an\u00e9is de fixa\u00e7\u00e3o \u2022 Dist\u00e2ncia Focal 600mm\u00a0 com corretor: 517mm \u2022 Raz\u00e3o Focal: f\/4 com corretor: \u00a0f\/3,45 \u2022 Espelho Primario Parab\u00f3lico e secund\u00e1rio plano \u2022 Buscador 6x30mm \u2022 Focador Crayford 50.8\/31.75 com microfocador<\/p>\n<div class=\"more-link\">\n\t\t\t\t <a href=\"https:\/\/site.astrofoto.com.pt\/welcome\/produto\/telescopio-skywatcher-quattro-6\/\" class=\"btn theme-btn inverted\"><span>Continuar a Ler <\/span><\/a>\n\t\t\t<\/div>\n","protected":false},"featured_media":10250,"comment_status":"closed","ping_status":"closed","template":"","meta":[],"product_brand":[],"product_cat":[15],"product_tag":[],"class_list":{"0":"post-10248","1":"product","2":"type-product","3":"status-publish","4":"has-post-thumbnail","6":"product_cat-telescopios-reflectores","8":"first","9":"onbackorder","10":"shipping-taxable","11":"purchasable","12":"product-type-simple"},"_links":{"self":[{"href":"https:\/\/site.astrofoto.com.pt\/welcome\/wp-json\/wp\/v2\/product\/10248","targetHints":{"allow":["GET"]}}],"collection":[{"href":"https:\/\/site.astrofoto.com.pt\/welcome\/wp-json\/wp\/v2\/product"}],"about":[{"href":"https:\/\/site.astrofoto.com.pt\/welcome\/wp-json\/wp\/v2\/types\/product"}],"replies":[{"embeddable":true,"href":"https:\/\/site.astrofoto.com.pt\/welcome\/wp-json\/wp\/v2\/comments?post=10248"}],"wp:featuredmedia":[{"embeddable":true,"href":"https:\/\/site.astrofoto.com.pt\/welcome\/wp-json\/wp\/v2\/media\/10250"}],"wp:attachment":[{"href":"https:\/\/site.astrofoto.com.pt\/welcome\/wp-json\/wp\/v2\/media?parent=10248"}],"wp:term":[{"taxonomy":"product_brand","embeddable":true,"href":"https:\/\/site.astrofoto.com.pt\/welcome\/wp-json\/wp\/v2\/product_brand?post=10248"},{"taxonomy":"product_cat","embeddable":true,"href":"https:\/\/site.astrofoto.com.pt\/welcome\/wp-json\/wp\/v2\/product_cat?post=10248"},{"taxonomy":"product_tag","embeddable":true,"href":"https:\/\/site.astrofoto.com.pt\/welcome\/wp-json\/wp\/v2\/product_tag?post=10248"}],"curies":[{"name":"wp","href":"https:\/\/api.w.org\/{rel}","templated":true}]}}