{"id":10240,"date":"2025-04-09T21:06:08","date_gmt":"2025-04-09T21:06:08","guid":{"rendered":"https:\/\/site.astrofoto.com.pt\/welcome\/?post_type=product&#038;p=10240"},"modified":"2025-05-26T19:17:12","modified_gmt":"2025-05-26T19:17:12","slug":"sw-mini-star-adventurer-usado","status":"publish","type":"product","link":"https:\/\/site.astrofoto.com.pt\/welcome\/produto\/sw-mini-star-adventurer-usado\/","title":{"rendered":"SW Mini Star Adventurer usado"},"content":{"rendered":"<p><strong>Mini Star Adventurer WiFi usado<br \/>\n<\/strong><em>\u25baAs negocia\u00e7\u00f5es ser\u00e3o diretas entre vendedor e comprador<\/em><br \/>\n<em>Apenas garantimos o estado do equipamento e, neste caso, a idoneidade do vendedor.<\/em><br \/>\n<em>\u25baN\u00e3o\u00a0 efetue pagamentos antes da conclus\u00e3o das negocia\u00e7\u00f5es<\/em><strong><br \/>\n<\/strong><\/p>\n<p><em>\u25ba <a href=\"https:\/\/www.youtube.com\/watch?v=Sj4wK4emHLc\">Video no Youtube\u00a0<\/a>(Alan Dryer &amp; Sky &amp; Telescope)<br \/>\n\u25ba <a href=\"http:\/\/philhart.com\/content\/star-adventurer-mini-review\">revis\u00e3o da star adventurer mini\u00a0<\/a> (Phil Hart-revisor independente)<\/em><strong><br \/>\n<\/strong><br \/>\n<em>A gama Star Adventurer expandiu-se para incluir o novo modelo Mini. Mais compacto e leve, destina-se a astro-fot\u00f3grafos com Teleobjectivas ou lunetas de 60mm. Tem as mesmas qualidades mec\u00e2nicas da cl\u00e1ssica mas com uma importante novidade: WiFi integrado! Atraves de uma aplica\u00e7\u00e3o gratuita pode ser controlada atraves do seu smartphone ou tablet: CONTROLE SAM (<a href=\"https:\/\/play.google.com\/store\/apps\/details?id=com.skywatcher.samini\">Android<\/a> ou <a href=\"https:\/\/itunes.apple.com\/us\/app\/star-adventurer-mini-console\/id1080398995?mt=8\">IOS)<\/a><br \/>\nO Star Adventurer Mni cria o seu pr\u00f3prio &#8220;access point&#8221; permitindo at\u00e9 controlar os tempos de exposi\u00e7\u00e3o, time-lapse, numero de poses, por um cabo opcional<\/em><\/p>\n<p><em>\u25ba <a href=\"https:\/\/www.youtube.com\/watch?v=Sj4wK4emHLc\">Video no Youtube\u00a0<\/a>(Alan Dryer &amp; Sky &amp; Telescope)<br \/>\n\u25ba <a href=\"http:\/\/philhart.com\/content\/star-adventurer-mini-review\">revis\u00e3o da star adventurer mini\u00a0<\/a> (Phil Hart-revisor independente)<\/em><\/p>\n<p>\u2022Servo motor de corrente continua<br \/>\n\u2022Capacidade de carga:\u00a0\u00a0\u00a0 3kg<br \/>\n\u2022Dimens\u00f3es: 76mm x 70mm x 103mm<br \/>\n\u2022Peso 650g (montagem Sky Adventurer Mini )<br \/>\n\u2022Visor Polar Integrado (com ilumina\u00e7\u00e3o)<br \/>\n<strong>\u2022Liga\u00e7\u00e3o Wifi Integrada<\/strong><br \/>\n\u2022Porta USB<br \/>\n\u2022Alimenta\u00e7\u00e3o: caixa\u00a0 de pilhas 2xAA (n\u00e3o incluidas) ou externa \u00a0DC 5V (Micro-USB)<\/p>\n<p>\u25ba extras incluidos: Base em L +veio e contrapeso para wedge equatorial (~85\u20ac)<\/p>\n<p>&nbsp;<\/p>\n<p>#MGardete<\/p>\n<p>&nbsp;<\/p>\n<p><em><strong>Cabos disparadores: 10 Euros\/cada<\/strong><\/em><br \/>\nSW0336 Shutter release cable for Star Adventurer (Canon C1)<br \/>\nSW0337 Shutter release cable for Star Adventurer (Canon C3 AP-R3C)<br \/>\nSW0338 Shutter release cable for Star Adventurer (Nikon N1 AP-R1N)<br \/>\nSW0339 Shutter release cable for Star Adventurer (Nikon N2 AP-R2N)<br \/>\nSW0340 Shutter release cable for Star Adventurer (Nikon N3 AP-R3N)<br \/>\nSW0341 Shutter release cable for Star Adventurer (Olympus OP12)<br \/>\nSW0342 Shutter release cable for Star Adventurer (Sony S1 AP-R1S)<\/p>\n<p>&nbsp;<\/p>\n","protected":false},"excerpt":{"rendered":"<p>Mini Star Adventurer WiFi usado \u25baAs negocia\u00e7\u00f5es ser\u00e3o diretas entre vendedor e comprador Apenas garantimos o estado do equipamento e, neste caso, a idoneidade do vendedor. \u25baN\u00e3o\u00a0 efetue pagamentos antes da conclus\u00e3o das negocia\u00e7\u00f5es \u25ba Video no Youtube\u00a0(Alan Dryer &amp; Sky &amp; Telescope) \u25ba revis\u00e3o da star adventurer mini\u00a0 (Phil Hart-revisor independente) A gama Star<\/p>\n<div class=\"more-link\">\n\t\t\t\t <a href=\"https:\/\/site.astrofoto.com.pt\/welcome\/produto\/sw-mini-star-adventurer-usado\/\" class=\"btn theme-btn inverted\"><span>Continuar a Ler <\/span><\/a>\n\t\t\t<\/div>\n","protected":false},"featured_media":3849,"comment_status":"closed","ping_status":"closed","template":"","meta":[],"product_brand":[],"product_cat":[34,14,46,68],"product_tag":[],"class_list":{"0":"post-10240","1":"product","2":"type-product","3":"status-publish","4":"has-post-thumbnail","6":"product_cat-acessoriosfotografia","7":"product_cat-montagens","8":"product_cat-usados","9":"product_cat-wi-fi","11":"first","12":"outofstock","13":"sale","14":"shipping-taxable","15":"purchasable","16":"product-type-simple"},"_links":{"self":[{"href":"https:\/\/site.astrofoto.com.pt\/welcome\/wp-json\/wp\/v2\/product\/10240","targetHints":{"allow":["GET"]}}],"collection":[{"href":"https:\/\/site.astrofoto.com.pt\/welcome\/wp-json\/wp\/v2\/product"}],"about":[{"href":"https:\/\/site.astrofoto.com.pt\/welcome\/wp-json\/wp\/v2\/types\/product"}],"replies":[{"embeddable":true,"href":"https:\/\/site.astrofoto.com.pt\/welcome\/wp-json\/wp\/v2\/comments?post=10240"}],"wp:featuredmedia":[{"embeddable":true,"href":"https:\/\/site.astrofoto.com.pt\/welcome\/wp-json\/wp\/v2\/media\/3849"}],"wp:attachment":[{"href":"https:\/\/site.astrofoto.com.pt\/welcome\/wp-json\/wp\/v2\/media?parent=10240"}],"wp:term":[{"taxonomy":"product_brand","embeddable":true,"href":"https:\/\/site.astrofoto.com.pt\/welcome\/wp-json\/wp\/v2\/product_brand?post=10240"},{"taxonomy":"product_cat","embeddable":true,"href":"https:\/\/site.astrofoto.com.pt\/welcome\/wp-json\/wp\/v2\/product_cat?post=10240"},{"taxonomy":"product_tag","embeddable":true,"href":"https:\/\/site.astrofoto.com.pt\/welcome\/wp-json\/wp\/v2\/product_tag?post=10240"}],"curies":[{"name":"wp","href":"https:\/\/api.w.org\/{rel}","templated":true}]}}