{"id":10229,"date":"2025-04-01T16:31:01","date_gmt":"2025-04-01T16:31:01","guid":{"rendered":"https:\/\/site.astrofoto.com.pt\/welcome\/?post_type=product&#038;p=10229"},"modified":"2025-04-22T19:30:03","modified_gmt":"2025-04-22T19:30:03","slug":"telescopio-celestron-astro-fi-usado","status":"publish","type":"product","link":"https:\/\/site.astrofoto.com.pt\/welcome\/produto\/telescopio-celestron-astro-fi-usado\/","title":{"rendered":"Telescopio Celestron ASTRO Fi 6&#8243; usado"},"content":{"rendered":"<p><strong>Telescopio Celestron ASTRO Fi 6&#8243; usado<br \/>\n\u25ba como novo nas caixas de origem<br \/>\n\u25ba<\/strong><em>As negocia\u00e7\u00f5es ser\u00e3o diretas entre vendedor e comprador<br \/>\nApenas garantimos o estado do equipamento e, em alguns casos, a idoneidade do vendedor.<br \/>\n\u25baN\u00e3o\u00a0 efetue pagamentos antes da conclus\u00e3o das negocia\u00e7\u00f5es.<\/em><\/p>\n<p>\u25ba Conduzido pela aplica\u00e7\u00e3o Sky Portal com liga\u00e7\u00e3o Wi-Fi ao seu telefone ou tablet<br \/>\n\u25ba Incluido o extra: COMANDO NEXSTAR (valor de 200\u20ac)<\/p>\n<ul>\n<li>Desenho \u00d3tico: Schmidt-Cassegrain<\/li>\n<li>Abertura: 150mm 6&#8243;<\/li>\n<li>Dist\u00e2ncia focal: 1500mm<\/li>\n<li>Raz\u00e3o focal: f\/10<\/li>\n<li>Oculares: K25mm, 60x; K10mm, 150x<\/li>\n<li>Buscador\/Mira: Ponto vermelho<\/li>\n<li>Diagonal 90\u00ba: 1,25&#8243;<\/li>\n<li>Montagem: altazimutal computorizada<\/li>\n<li>Tabuleiro de acess\u00f3rios com suporte para dispositivos m\u00f3veis<\/li>\n<li>Trip\u00e9 em alum\u00ednio<\/li>\n<li>Amplia\u00e7\u00e3o m\u00e1xima \u00fatil: 354x<\/li>\n<li>Amplia\u00e7\u00e3o m\u00ednima \u00fatil: 21x<\/li>\n<li>Limite de magnitude: 13,4<\/li>\n<li>\u00d3ticas multitratadas<\/li>\n<li>Velocidades at\u00e9 3 graus\/segundo<\/li>\n<li>Velocidades de seguimento Sideral, Solar e Lunar<\/li>\n<li>Procedimentos de alinhamento: SkyAlign, Alinhamento de 3 estrelas, Alinhamento do sistema solar<\/li>\n<li>2 portas de comunica\u00e7\u00e3o<\/li>\n<li>Base de dados com mais de 120.000 objetos.<\/li>\n<\/ul>\n","protected":false},"excerpt":{"rendered":"<p>Telescopio Celestron ASTRO Fi 6&#8243; usado \u25ba como novo nas caixas de origem \u25baAs negocia\u00e7\u00f5es ser\u00e3o diretas entre vendedor e comprador Apenas garantimos o estado do equipamento e, em alguns casos, a idoneidade do vendedor. \u25baN\u00e3o\u00a0 efetue pagamentos antes da conclus\u00e3o das negocia\u00e7\u00f5es. \u25ba Conduzido pela aplica\u00e7\u00e3o Sky Portal com liga\u00e7\u00e3o Wi-Fi ao seu telefone<\/p>\n<div class=\"more-link\">\n\t\t\t\t <a href=\"https:\/\/site.astrofoto.com.pt\/welcome\/produto\/telescopio-celestron-astro-fi-usado\/\" class=\"btn theme-btn inverted\"><span>Continuar a Ler <\/span><\/a>\n\t\t\t<\/div>\n","protected":false},"featured_media":10232,"comment_status":"closed","ping_status":"closed","template":"","meta":[],"product_brand":[],"product_cat":[17,46,68],"product_tag":[],"class_list":{"0":"post-10229","1":"product","2":"type-product","3":"status-publish","4":"has-post-thumbnail","6":"product_cat-telescopios-catadioptricos","7":"product_cat-usados","8":"product_cat-wi-fi","10":"first","11":"instock","12":"shipping-taxable","13":"purchasable","14":"product-type-simple"},"_links":{"self":[{"href":"https:\/\/site.astrofoto.com.pt\/welcome\/wp-json\/wp\/v2\/product\/10229","targetHints":{"allow":["GET"]}}],"collection":[{"href":"https:\/\/site.astrofoto.com.pt\/welcome\/wp-json\/wp\/v2\/product"}],"about":[{"href":"https:\/\/site.astrofoto.com.pt\/welcome\/wp-json\/wp\/v2\/types\/product"}],"replies":[{"embeddable":true,"href":"https:\/\/site.astrofoto.com.pt\/welcome\/wp-json\/wp\/v2\/comments?post=10229"}],"wp:featuredmedia":[{"embeddable":true,"href":"https:\/\/site.astrofoto.com.pt\/welcome\/wp-json\/wp\/v2\/media\/10232"}],"wp:attachment":[{"href":"https:\/\/site.astrofoto.com.pt\/welcome\/wp-json\/wp\/v2\/media?parent=10229"}],"wp:term":[{"taxonomy":"product_brand","embeddable":true,"href":"https:\/\/site.astrofoto.com.pt\/welcome\/wp-json\/wp\/v2\/product_brand?post=10229"},{"taxonomy":"product_cat","embeddable":true,"href":"https:\/\/site.astrofoto.com.pt\/welcome\/wp-json\/wp\/v2\/product_cat?post=10229"},{"taxonomy":"product_tag","embeddable":true,"href":"https:\/\/site.astrofoto.com.pt\/welcome\/wp-json\/wp\/v2\/product_tag?post=10229"}],"curies":[{"name":"wp","href":"https:\/\/api.w.org\/{rel}","templated":true}]}}