{"id":10182,"date":"2025-03-13T16:46:02","date_gmt":"2025-03-13T16:46:02","guid":{"rendered":"https:\/\/site.astrofoto.com.pt\/welcome\/?post_type=product&#038;p=10182"},"modified":"2025-03-13T17:01:05","modified_gmt":"2025-03-13T17:01:05","slug":"saco-oklop-para-newton-130-650","status":"publish","type":"product","link":"https:\/\/site.astrofoto.com.pt\/welcome\/produto\/saco-oklop-para-newton-130-650\/","title":{"rendered":"Saco Oklop para Newton 130\/650"},"content":{"rendered":"<p><strong>Saco Oklop para Newton 130\/650<\/strong><\/p>\n<p>\u2022\u00a0<span class=\"tlid-translation translation\" lang=\"pt\"><span class=\"\" title=\"\"> equilibrado, suportes de acordo com o centro de gravidade.<\/span><br \/>\n\u2022 <span class=\"\" title=\"\">forma cil\u00edndrica para melhor protec\u00e7\u00e3o.<\/span><br \/>\n\u2022 poliester repelente de agua<span class=\"\" title=\"\">.<br \/>\n\u2022 espuma de borracha no forro<br \/>\n\u2022 aneis em metal.<br \/>\n\u2022 fecho &#8220;eclair&#8221;<\/span><br \/>\n\u2022 medidas: 66x23x34cm<br \/>\n\u2022 espuma de 10mm<\/span><\/p>\n<p>&nbsp;<\/p>\n","protected":false},"excerpt":{"rendered":"<p>Saco Oklop para Newton 130\/650 \u2022\u00a0 equilibrado, suportes de acordo com o centro de gravidade. \u2022 forma cil\u00edndrica para melhor protec\u00e7\u00e3o. \u2022 poliester repelente de agua. \u2022 espuma de borracha no forro \u2022 aneis em metal. \u2022 fecho &#8220;eclair&#8221; \u2022 medidas: 66x23x34cm \u2022 espuma de 10mm &nbsp;<\/p>\n","protected":false},"featured_media":10185,"comment_status":"closed","ping_status":"closed","template":"","meta":[],"product_brand":[],"product_cat":[65],"product_tag":[],"class_list":{"0":"post-10182","1":"product","2":"type-product","3":"status-publish","4":"has-post-thumbnail","6":"product_cat-sacos-e-malas","8":"first","9":"onbackorder","10":"shipping-taxable","11":"purchasable","12":"product-type-simple"},"_links":{"self":[{"href":"https:\/\/site.astrofoto.com.pt\/welcome\/wp-json\/wp\/v2\/product\/10182","targetHints":{"allow":["GET"]}}],"collection":[{"href":"https:\/\/site.astrofoto.com.pt\/welcome\/wp-json\/wp\/v2\/product"}],"about":[{"href":"https:\/\/site.astrofoto.com.pt\/welcome\/wp-json\/wp\/v2\/types\/product"}],"replies":[{"embeddable":true,"href":"https:\/\/site.astrofoto.com.pt\/welcome\/wp-json\/wp\/v2\/comments?post=10182"}],"wp:featuredmedia":[{"embeddable":true,"href":"https:\/\/site.astrofoto.com.pt\/welcome\/wp-json\/wp\/v2\/media\/10185"}],"wp:attachment":[{"href":"https:\/\/site.astrofoto.com.pt\/welcome\/wp-json\/wp\/v2\/media?parent=10182"}],"wp:term":[{"taxonomy":"product_brand","embeddable":true,"href":"https:\/\/site.astrofoto.com.pt\/welcome\/wp-json\/wp\/v2\/product_brand?post=10182"},{"taxonomy":"product_cat","embeddable":true,"href":"https:\/\/site.astrofoto.com.pt\/welcome\/wp-json\/wp\/v2\/product_cat?post=10182"},{"taxonomy":"product_tag","embeddable":true,"href":"https:\/\/site.astrofoto.com.pt\/welcome\/wp-json\/wp\/v2\/product_tag?post=10182"}],"curies":[{"name":"wp","href":"https:\/\/api.w.org\/{rel}","templated":true}]}}