{"id":10135,"date":"2025-02-06T16:15:34","date_gmt":"2025-02-06T16:15:34","guid":{"rendered":"https:\/\/site.astrofoto.com.pt\/welcome\/?post_type=product&#038;p=10135"},"modified":"2025-02-06T17:54:21","modified_gmt":"2025-02-06T17:54:21","slug":"10135","status":"publish","type":"product","link":"https:\/\/site.astrofoto.com.pt\/welcome\/produto\/10135\/","title":{"rendered":"Desumidificador Omegon DUNEDRY"},"content":{"rendered":"<p><strong>Desumidificador Omegon DUNEDRY<br \/>\n<\/strong><br \/>\n\u2022 F\u00e1cil manuseamento e design compacto.<br \/>\n\u2022 Com luz indicadora: a mudan\u00e7a\u00a0 de branco para azul quando a secagem \u00e9 necess\u00e1ria.<br \/>\n\u2022 Simplesmente seque no micro-ondas ou no forno para voltar a usar.<br \/>\n\u2022 Material ecol\u00f3gico: Sil\u00edcio nanoporoso numa arma\u00e7\u00e3o protetora el\u00e1stica.<br \/>\n\u2022 Peso:120gr<br \/>\n\u2022 Comprimento: 11cm<br \/>\n\u2022 Largura: 6,5cm<br \/>\n\u2022 Altura: 2cm<\/p>\n<p>\u25baA capacidade de absor\u00e7\u00e3o \u00e9 de 36g +\/- 10% (testado em temperatura ambiente de 25\u00b0 e humidade de 85%).<\/p>\n<p>&nbsp;<\/p>\n<p># 79578<\/p>\n","protected":false},"excerpt":{"rendered":"<p>Desumidificador Omegon DUNEDRY \u2022 F\u00e1cil manuseamento e design compacto. \u2022 Com luz indicadora: a mudan\u00e7a\u00a0 de branco para azul quando a secagem \u00e9 necess\u00e1ria. \u2022 Simplesmente seque no micro-ondas ou no forno para voltar a usar. \u2022 Material ecol\u00f3gico: Sil\u00edcio nanoporoso numa arma\u00e7\u00e3o protetora el\u00e1stica. \u2022 Peso:120gr \u2022 Comprimento: 11cm \u2022 Largura: 6,5cm \u2022 Altura:<\/p>\n<div class=\"more-link\">\n\t\t\t\t <a href=\"https:\/\/site.astrofoto.com.pt\/welcome\/produto\/10135\/\" class=\"btn theme-btn inverted\"><span>Continuar a Ler <\/span><\/a>\n\t\t\t<\/div>\n","protected":false},"featured_media":10136,"comment_status":"closed","ping_status":"closed","template":"","meta":[],"product_brand":[],"product_cat":[91,67],"product_tag":[],"class_list":{"0":"post-10135","1":"product","2":"type-product","3":"status-publish","4":"has-post-thumbnail","6":"product_cat-humidade","7":"product_cat-https-site-astrofoto-com-pt-welcome-categoria-produto-novidade","9":"first","10":"onbackorder","11":"shipping-taxable","12":"purchasable","13":"product-type-simple"},"_links":{"self":[{"href":"https:\/\/site.astrofoto.com.pt\/welcome\/wp-json\/wp\/v2\/product\/10135","targetHints":{"allow":["GET"]}}],"collection":[{"href":"https:\/\/site.astrofoto.com.pt\/welcome\/wp-json\/wp\/v2\/product"}],"about":[{"href":"https:\/\/site.astrofoto.com.pt\/welcome\/wp-json\/wp\/v2\/types\/product"}],"replies":[{"embeddable":true,"href":"https:\/\/site.astrofoto.com.pt\/welcome\/wp-json\/wp\/v2\/comments?post=10135"}],"wp:featuredmedia":[{"embeddable":true,"href":"https:\/\/site.astrofoto.com.pt\/welcome\/wp-json\/wp\/v2\/media\/10136"}],"wp:attachment":[{"href":"https:\/\/site.astrofoto.com.pt\/welcome\/wp-json\/wp\/v2\/media?parent=10135"}],"wp:term":[{"taxonomy":"product_brand","embeddable":true,"href":"https:\/\/site.astrofoto.com.pt\/welcome\/wp-json\/wp\/v2\/product_brand?post=10135"},{"taxonomy":"product_cat","embeddable":true,"href":"https:\/\/site.astrofoto.com.pt\/welcome\/wp-json\/wp\/v2\/product_cat?post=10135"},{"taxonomy":"product_tag","embeddable":true,"href":"https:\/\/site.astrofoto.com.pt\/welcome\/wp-json\/wp\/v2\/product_tag?post=10135"}],"curies":[{"name":"wp","href":"https:\/\/api.w.org\/{rel}","templated":true}]}}