{"id":10124,"date":"2025-02-04T21:19:33","date_gmt":"2025-02-04T21:19:33","guid":{"rendered":"https:\/\/site.astrofoto.com.pt\/welcome\/?post_type=product&#038;p=10124"},"modified":"2025-02-04T22:42:51","modified_gmt":"2025-02-04T22:42:51","slug":"focador-1-25-para-newton","status":"publish","type":"product","link":"https:\/\/site.astrofoto.com.pt\/welcome\/produto\/focador-1-25-para-newton\/","title":{"rendered":"Focador 1.25&#8243; para Newton"},"content":{"rendered":"<p><strong>Focador 1.25&#8243; para Newton<\/strong><\/p>\n<p>\u2022 Para Telescopios Refletores (Newton) 114mm a 150mm<br \/>\n\u2022 Cremalheira<br \/>\n\u2022 Metalico<br \/>\n\u2022 Percurso de 65mm<br \/>\n\u2022 Fixa\u00e7\u00e3o da ocular por bra\u00e7adeira<\/p>\n","protected":false},"excerpt":{"rendered":"<p>Focador 1.25&#8243; para Newton \u2022 Para Telescopios Refletores (Newton) 114mm a 150mm \u2022 Cremalheira \u2022 Metalico \u2022 Percurso de 65mm \u2022 Fixa\u00e7\u00e3o da ocular por bra\u00e7adeira<\/p>\n","protected":false},"featured_media":10125,"comment_status":"closed","ping_status":"closed","template":"","meta":[],"product_brand":[],"product_cat":[51],"product_tag":[],"class_list":{"0":"post-10124","1":"product","2":"type-product","3":"status-publish","4":"has-post-thumbnail","6":"product_cat-acessorios-para-telescopios","8":"first","9":"instock","10":"sale","11":"shipping-taxable","12":"purchasable","13":"product-type-simple"},"_links":{"self":[{"href":"https:\/\/site.astrofoto.com.pt\/welcome\/wp-json\/wp\/v2\/product\/10124","targetHints":{"allow":["GET"]}}],"collection":[{"href":"https:\/\/site.astrofoto.com.pt\/welcome\/wp-json\/wp\/v2\/product"}],"about":[{"href":"https:\/\/site.astrofoto.com.pt\/welcome\/wp-json\/wp\/v2\/types\/product"}],"replies":[{"embeddable":true,"href":"https:\/\/site.astrofoto.com.pt\/welcome\/wp-json\/wp\/v2\/comments?post=10124"}],"wp:featuredmedia":[{"embeddable":true,"href":"https:\/\/site.astrofoto.com.pt\/welcome\/wp-json\/wp\/v2\/media\/10125"}],"wp:attachment":[{"href":"https:\/\/site.astrofoto.com.pt\/welcome\/wp-json\/wp\/v2\/media?parent=10124"}],"wp:term":[{"taxonomy":"product_brand","embeddable":true,"href":"https:\/\/site.astrofoto.com.pt\/welcome\/wp-json\/wp\/v2\/product_brand?post=10124"},{"taxonomy":"product_cat","embeddable":true,"href":"https:\/\/site.astrofoto.com.pt\/welcome\/wp-json\/wp\/v2\/product_cat?post=10124"},{"taxonomy":"product_tag","embeddable":true,"href":"https:\/\/site.astrofoto.com.pt\/welcome\/wp-json\/wp\/v2\/product_tag?post=10124"}],"curies":[{"name":"wp","href":"https:\/\/api.w.org\/{rel}","templated":true}]}}