{"id":10081,"date":"2025-01-02T19:59:42","date_gmt":"2025-01-02T19:59:42","guid":{"rendered":"https:\/\/site.astrofoto.com.pt\/welcome\/?post_type=product&#038;p=10081"},"modified":"2025-01-02T20:02:38","modified_gmt":"2025-01-02T20:02:38","slug":"montagem-sky-watcher-wave-150i-tripe","status":"publish","type":"product","link":"https:\/\/site.astrofoto.com.pt\/welcome\/produto\/montagem-sky-watcher-wave-150i-tripe\/","title":{"rendered":"Montagem Sky-Watcher Wave 150i com trip\u00e9"},"content":{"rendered":"<p><strong>Montagem Sky-Watcher Wave 150i com trip\u00e9<br \/>\n<\/strong>A Sky-Watcher oferece agora uma variedade de montagens de unidades harm\u00f3nicas (WAVE). Este novo tipo de montagem \u00e9 revolucion\u00e1rio porque permite ter uma capacidade de suportar cargas pesadas&#8230; mas ser leve e compacta!<br \/>\nEste feito \u00e9 conseguido atrav\u00e9s de uma motoriza\u00e7\u00e3o particular: a utiliza\u00e7\u00e3o de redutores el\u00edpticos e correias s\u00edncronas, tecnologia comprovada utilizada em rob\u00f3tica e aeron\u00e1utica.<\/p>\n<p>O menor modelo da s\u00e9rie &#8220;Wave&#8221;, o 150i suporta 15kg (sem contrapeso) e at\u00e9 25kg (com contrapeso)&#8230; com um peso inferior a 6kg! Pode ser utilizado tanto em modo azimutal quanto em modo equatorial, controlado tanto por aplicativo de smartphone (Bluetooth \/ Wifi) como por computador (cabo USB).<\/p>\n<p>\u2022 Capacidade m\u00e1xima: 15Kg<br \/>\n\u2022 Tipo de motoriza\u00e7\u00e3o: Harmonic \/ Strainwave<br \/>\n\u2022 Tipo de motores: de passos<br \/>\n\u2022 Dovetail: Losmandy &amp; Vixen<br \/>\n\u2022 Eleva\u00e7\u00e3o Polar: 0 &#8211; 90\u00ba<br \/>\n\u2022 WiFi<br \/>\n\u2022 Interfaces: Autoguider, USB, Handbox<br \/>\n\u2022 Alimenta\u00e7\u00e3o: 12V<br \/>\n\u2022 Consumo: 2000 mA<br \/>\n\u2022 Software: Synscan GOTO (android + IOS)<br \/>\n\u2022 Acionamento Redutores el\u00edpticos + correias s\u00edncronas (rela\u00e7\u00e3o de transmiss\u00e3o 300:1)<br \/>\n\u2022 Motoriza\u00e7\u00e3o em AD: Motor de passo com redutor el\u00edptico + correia s\u00edncrona + freio<br \/>\n\u2022 Motoriza\u00e7\u00e3o em Dez Motor de passo com redutor el\u00edptico + correia s\u00edncrona<br \/>\n\u2022 Velocidade m\u00e1xima de movimento 7,5 graus\/segundo<br \/>\n\u2022 Fonte de alimenta\u00e7\u00e3o 12V-2A (plug de alimenta\u00e7\u00e3o DC5.5-2.1)<br \/>\n\u2022 Consumo de energia 12V\/0,4A (quando parado), 12V\/1,8A (em Goto)<br \/>\n\u2022 Interface de comunica\u00e7\u00e3o Bluetooth\/Wi-Fi<br \/>\n\u2022 Porta USB B \/ USB A<br \/>\n\u2022 Guiagem: porta-ST4<br \/>\n\u2022 Seguran\u00e7a: Freio protetor em caso de corte de energia prematuro<br \/>\n\u2022 Multilinguagens (PT incluida)<br \/>\n\u2022 Temperatura de utiliza\u00e7\u00e3o: -10\u00b0C a +50\u00b0C<br \/>\n\u2022 Mala de transporte<br \/>\n\u2022 Peso: 5,8Kg<br \/>\n\u2022 Dimens\u00f5es: 158 x 184 x 252mm<\/p>\n<p><strong>Tripe de Carbono<\/strong><br \/>\n\u2022 Altura M\u00e1xima: 75cm<br \/>\n\u2022 Altura M\u00ednima: 50cm<br \/>\n\u2022 Peso: 2,4Kg<br \/>\n\u2022 Di\u00e2metro da perna: 40mm<br \/>\n\u2022 Capacidade: 20Kg<\/p>\n","protected":false},"excerpt":{"rendered":"<p>Montagem Sky-Watcher Wave 150i com trip\u00e9 A Sky-Watcher oferece agora uma variedade de montagens de unidades harm\u00f3nicas (WAVE). Este novo tipo de montagem \u00e9 revolucion\u00e1rio porque permite ter uma capacidade de suportar cargas pesadas&#8230; mas ser leve e compacta! Este feito \u00e9 conseguido atrav\u00e9s de uma motoriza\u00e7\u00e3o particular: a utiliza\u00e7\u00e3o de redutores el\u00edpticos e correias<\/p>\n<div class=\"more-link\">\n\t\t\t\t <a href=\"https:\/\/site.astrofoto.com.pt\/welcome\/produto\/montagem-sky-watcher-wave-150i-tripe\/\" class=\"btn theme-btn inverted\"><span>Continuar a Ler <\/span><\/a>\n\t\t\t<\/div>\n","protected":false},"featured_media":10075,"comment_status":"closed","ping_status":"closed","template":"","meta":[],"product_brand":[],"product_cat":[79,67,68],"product_tag":[],"class_list":{"0":"post-10081","1":"product","2":"type-product","3":"status-publish","4":"has-post-thumbnail","6":"product_cat-montagens-goto","7":"product_cat-https-site-astrofoto-com-pt-welcome-categoria-produto-novidade","8":"product_cat-wi-fi","10":"first","11":"onbackorder","12":"shipping-taxable","13":"purchasable","14":"product-type-simple"},"_links":{"self":[{"href":"https:\/\/site.astrofoto.com.pt\/welcome\/wp-json\/wp\/v2\/product\/10081","targetHints":{"allow":["GET"]}}],"collection":[{"href":"https:\/\/site.astrofoto.com.pt\/welcome\/wp-json\/wp\/v2\/product"}],"about":[{"href":"https:\/\/site.astrofoto.com.pt\/welcome\/wp-json\/wp\/v2\/types\/product"}],"replies":[{"embeddable":true,"href":"https:\/\/site.astrofoto.com.pt\/welcome\/wp-json\/wp\/v2\/comments?post=10081"}],"wp:featuredmedia":[{"embeddable":true,"href":"https:\/\/site.astrofoto.com.pt\/welcome\/wp-json\/wp\/v2\/media\/10075"}],"wp:attachment":[{"href":"https:\/\/site.astrofoto.com.pt\/welcome\/wp-json\/wp\/v2\/media?parent=10081"}],"wp:term":[{"taxonomy":"product_brand","embeddable":true,"href":"https:\/\/site.astrofoto.com.pt\/welcome\/wp-json\/wp\/v2\/product_brand?post=10081"},{"taxonomy":"product_cat","embeddable":true,"href":"https:\/\/site.astrofoto.com.pt\/welcome\/wp-json\/wp\/v2\/product_cat?post=10081"},{"taxonomy":"product_tag","embeddable":true,"href":"https:\/\/site.astrofoto.com.pt\/welcome\/wp-json\/wp\/v2\/product_tag?post=10081"}],"curies":[{"name":"wp","href":"https:\/\/api.w.org\/{rel}","templated":true}]}}