{"id":10063,"date":"2024-12-28T19:26:02","date_gmt":"2024-12-28T19:26:02","guid":{"rendered":"https:\/\/site.astrofoto.com.pt\/welcome\/?post_type=product&#038;p=10063"},"modified":"2024-12-28T19:58:14","modified_gmt":"2024-12-28T19:58:14","slug":"telescopio-solar-h-alpha-st-elite-phoenix-40","status":"publish","type":"product","link":"https:\/\/site.astrofoto.com.pt\/welcome\/produto\/telescopio-solar-h-alpha-st-elite-phoenix-40\/","title":{"rendered":"Telescopio Solar H-Alpha ST ELITE PHOENIX 40"},"content":{"rendered":"<p><strong>Telescopio Solar H-Alpha ST\u00a0 ELITE PHOENIX 40<br \/>\n<\/strong><em><br \/>\n<\/em>\u2022 Diametro da objetiva: 80mm<br \/>\n\u2022 Diametro do filtro frontal (etalon): 40mm<br \/>\n\u2022 Focal: 400mm<br \/>\n\u2022 Raz\u00e3o focal: f\/10<br \/>\n\u2022 Banda passante &lt; 0.6\u00c5 (sem obstru\u00e7\u00e3o)<br \/>\n\u2022 Blocking filter: 800 (8mm)<br \/>\n\u2022 Ocular zoom 1.25:\u00a0 5-16mm<br \/>\n\u2022 Diagonal para luz branca 90\u00b0<br \/>\n\u2022 Buscador seguro<br \/>\n\u2022 Focador Crayford (rotativo)<br \/>\n\u2022 Adaptador a smartphone<br \/>\n\u2022 Comprimento do OTA: 412mm<br \/>\n\u2022 Peso: 2kg<br \/>\n\u2022 Seguran\u00e7a: ISO12312-2:2015<br \/>\n\u25ba \u00c9 possivel ser usado como refrator convencional 80\/400 (F\/5)<\/p>\n","protected":false},"excerpt":{"rendered":"<p>Telescopio Solar H-Alpha ST\u00a0 ELITE PHOENIX 40 \u2022 Diametro da objetiva: 80mm \u2022 Diametro do filtro frontal (etalon): 40mm \u2022 Focal: 400mm \u2022 Raz\u00e3o focal: f\/10 \u2022 Banda passante &lt; 0.6\u00c5 (sem obstru\u00e7\u00e3o) \u2022 Blocking filter: 800 (8mm) \u2022 Ocular zoom 1.25:\u00a0 5-16mm \u2022 Diagonal para luz branca 90\u00b0 \u2022 Buscador seguro \u2022 Focador Crayford<\/p>\n<div class=\"more-link\">\n\t\t\t\t <a href=\"https:\/\/site.astrofoto.com.pt\/welcome\/produto\/telescopio-solar-h-alpha-st-elite-phoenix-40\/\" class=\"btn theme-btn inverted\"><span>Continuar a Ler <\/span><\/a>\n\t\t\t<\/div>\n","protected":false},"featured_media":10064,"comment_status":"closed","ping_status":"closed","template":"","meta":[],"product_brand":[],"product_cat":[67,19],"product_tag":[],"class_list":{"0":"post-10063","1":"product","2":"type-product","3":"status-publish","4":"has-post-thumbnail","6":"product_cat-https-site-astrofoto-com-pt-welcome-categoria-produto-novidade","7":"product_cat-telescopios-solares","9":"first","10":"onbackorder","11":"shipping-taxable","12":"purchasable","13":"product-type-simple"},"_links":{"self":[{"href":"https:\/\/site.astrofoto.com.pt\/welcome\/wp-json\/wp\/v2\/product\/10063","targetHints":{"allow":["GET"]}}],"collection":[{"href":"https:\/\/site.astrofoto.com.pt\/welcome\/wp-json\/wp\/v2\/product"}],"about":[{"href":"https:\/\/site.astrofoto.com.pt\/welcome\/wp-json\/wp\/v2\/types\/product"}],"replies":[{"embeddable":true,"href":"https:\/\/site.astrofoto.com.pt\/welcome\/wp-json\/wp\/v2\/comments?post=10063"}],"wp:featuredmedia":[{"embeddable":true,"href":"https:\/\/site.astrofoto.com.pt\/welcome\/wp-json\/wp\/v2\/media\/10064"}],"wp:attachment":[{"href":"https:\/\/site.astrofoto.com.pt\/welcome\/wp-json\/wp\/v2\/media?parent=10063"}],"wp:term":[{"taxonomy":"product_brand","embeddable":true,"href":"https:\/\/site.astrofoto.com.pt\/welcome\/wp-json\/wp\/v2\/product_brand?post=10063"},{"taxonomy":"product_cat","embeddable":true,"href":"https:\/\/site.astrofoto.com.pt\/welcome\/wp-json\/wp\/v2\/product_cat?post=10063"},{"taxonomy":"product_tag","embeddable":true,"href":"https:\/\/site.astrofoto.com.pt\/welcome\/wp-json\/wp\/v2\/product_tag?post=10063"}],"curies":[{"name":"wp","href":"https:\/\/api.w.org\/{rel}","templated":true}]}}