{"id":10033,"date":"2024-11-20T18:45:34","date_gmt":"2024-11-20T18:45:34","guid":{"rendered":"https:\/\/site.astrofoto.com.pt\/welcome\/?post_type=product&#038;p=10033"},"modified":"2024-11-22T17:46:42","modified_gmt":"2024-11-22T17:46:42","slug":"telescopio-solar-acuter-st80-400-solarus-80-ota","status":"publish","type":"product","link":"https:\/\/site.astrofoto.com.pt\/welcome\/produto\/telescopio-solar-acuter-st80-400-solarus-80-ota\/","title":{"rendered":"Telescopio Solar Acuter ST80\/400 SOLARUS-80 OTA"},"content":{"rendered":"<p><strong>Telescopio Acuter ST80\/400 SOLARUS-80 OTA<\/strong><\/p>\n<p>Telescopio Solar (Luz Branca)<br \/>\nRefrator 80\/400mm<br \/>\nObjetiva acrom\u00e1tica 80mm (Multicoated)<br \/>\nResolu\u00e7\u00e3o: 1,73<br \/>\nMagnitude limite: 11,3<br \/>\nFocador: crayford<br \/>\nOcular zoom 1.25&#8243; 5-16mm, ajustavel a 5mm, 10mm e 16mm<br \/>\nDiagonal a 90\u00ba<br \/>\nBuscador solar seguro<br \/>\nFiltros em roda de filtros\u00a0 Red, Yellow, Blue, Green, Orange e ND.\u00a0 Inclui espa\u00e7o &#8220;sem filtro&#8221;.<br \/>\nBra\u00e7adeiras<br \/>\nAdaptador de smartphone<br \/>\nDovetail tipo vixen<br \/>\nPeso: 1,75Kg<\/p>\n","protected":false},"excerpt":{"rendered":"<p>Telescopio Acuter ST80\/400 SOLARUS-80 OTA Telescopio Solar (Luz Branca) Refrator 80\/400mm Objetiva acrom\u00e1tica 80mm (Multicoated) Resolu\u00e7\u00e3o: 1,73 Magnitude limite: 11,3 Focador: crayford Ocular zoom 1.25&#8243; 5-16mm, ajustavel a 5mm, 10mm e 16mm Diagonal a 90\u00ba Buscador solar seguro Filtros em roda de filtros\u00a0 Red, Yellow, Blue, Green, Orange e ND.\u00a0 Inclui espa\u00e7o &#8220;sem filtro&#8221;. Bra\u00e7adeiras<\/p>\n<div class=\"more-link\">\n\t\t\t\t <a href=\"https:\/\/site.astrofoto.com.pt\/welcome\/produto\/telescopio-solar-acuter-st80-400-solarus-80-ota\/\" class=\"btn theme-btn inverted\"><span>Continuar a Ler <\/span><\/a>\n\t\t\t<\/div>\n","protected":false},"featured_media":10035,"comment_status":"closed","ping_status":"closed","template":"","meta":[],"product_brand":[],"product_cat":[48,18,19],"product_tag":[],"class_list":{"0":"post-10033","1":"product","2":"type-product","3":"status-publish","4":"has-post-thumbnail","6":"product_cat-natal","7":"product_cat-sol","8":"product_cat-telescopios-solares","10":"first","11":"onbackorder","12":"shipping-taxable","13":"purchasable","14":"product-type-simple"},"_links":{"self":[{"href":"https:\/\/site.astrofoto.com.pt\/welcome\/wp-json\/wp\/v2\/product\/10033","targetHints":{"allow":["GET"]}}],"collection":[{"href":"https:\/\/site.astrofoto.com.pt\/welcome\/wp-json\/wp\/v2\/product"}],"about":[{"href":"https:\/\/site.astrofoto.com.pt\/welcome\/wp-json\/wp\/v2\/types\/product"}],"replies":[{"embeddable":true,"href":"https:\/\/site.astrofoto.com.pt\/welcome\/wp-json\/wp\/v2\/comments?post=10033"}],"wp:featuredmedia":[{"embeddable":true,"href":"https:\/\/site.astrofoto.com.pt\/welcome\/wp-json\/wp\/v2\/media\/10035"}],"wp:attachment":[{"href":"https:\/\/site.astrofoto.com.pt\/welcome\/wp-json\/wp\/v2\/media?parent=10033"}],"wp:term":[{"taxonomy":"product_brand","embeddable":true,"href":"https:\/\/site.astrofoto.com.pt\/welcome\/wp-json\/wp\/v2\/product_brand?post=10033"},{"taxonomy":"product_cat","embeddable":true,"href":"https:\/\/site.astrofoto.com.pt\/welcome\/wp-json\/wp\/v2\/product_cat?post=10033"},{"taxonomy":"product_tag","embeddable":true,"href":"https:\/\/site.astrofoto.com.pt\/welcome\/wp-json\/wp\/v2\/product_tag?post=10033"}],"curies":[{"name":"wp","href":"https:\/\/api.w.org\/{rel}","templated":true}]}}