{"id":10017,"date":"2024-11-08T12:42:42","date_gmt":"2024-11-08T12:42:42","guid":{"rendered":"https:\/\/site.astrofoto.com.pt\/welcome\/?post_type=product&#038;p=10017"},"modified":"2025-10-16T15:25:40","modified_gmt":"2025-10-16T15:25:40","slug":"telescopio-omegon-150-750-eq-320-advanced-usado","status":"publish","type":"product","link":"https:\/\/site.astrofoto.com.pt\/welcome\/produto\/telescopio-omegon-150-750-eq-320-advanced-usado\/","title":{"rendered":"Telescopio Omegon 150\/750 EQ-320 Advanced usado"},"content":{"rendered":"<p><strong>Telescopio Omegon 150\/750 EQ-320 Advanced com saco<br \/>\n<\/strong><\/p>\n<p><em>\u25baAs negocia\u00e7\u00f5es ser\u00e3o diretas entre vendedor e comprador<br \/>\nApenas garantimos o estado do equipamento e, neste caso, a idoneidade do vendedor.<br \/>\n\u25baN\u00e3o\u00a0 efetue pagamentos antes da conclus\u00e3o das negocia\u00e7\u00f5es.<\/em><\/p>\n<p>\u2022Tubo \u00d3ptico Alum\u00ednio<br \/>\n\u2022Com dovetail e an\u00e9is de fixa\u00e7\u00e3o<br \/>\n\u2022Abertura: 150mm<br \/>\n\u2022Dist\u00e2ncia Focal: 750mm<br \/>\n\u2022Espelho: Parab\u00f3lico<br \/>\n\u2022Poder de resolu\u00e7\u00e3o: 0.8\u2033<br \/>\n\u2022Magnitude limite: 13.5<br \/>\n\u2022Montagem equatorial alem\u00e3 EQ320<br \/>\n\u2022Trip\u00e9 em alum\u00ednio regul\u00e1vel em altura<br \/>\n\u2022Oculares : K10mm e K25mm<br \/>\n\u2022Buscador Red dot<\/p>\n<p>\u25baBolsa de transporte (80\u20ac) incluida<br \/>\n\u25ba<a href=\"https:\/\/youtu.be\/ybLt5wknSD4\"> ver no youtube<\/a><\/p>\n<p>&nbsp;<\/p>\n<p>#MNobrega<\/p>\n","protected":false},"excerpt":{"rendered":"<p>Telescopio Omegon 150\/750 EQ-320 Advanced com saco \u25baAs negocia\u00e7\u00f5es ser\u00e3o diretas entre vendedor e comprador Apenas garantimos o estado do equipamento e, neste caso, a idoneidade do vendedor. \u25baN\u00e3o\u00a0 efetue pagamentos antes da conclus\u00e3o das negocia\u00e7\u00f5es. \u2022Tubo \u00d3ptico Alum\u00ednio \u2022Com dovetail e an\u00e9is de fixa\u00e7\u00e3o \u2022Abertura: 150mm \u2022Dist\u00e2ncia Focal: 750mm \u2022Espelho: Parab\u00f3lico \u2022Poder de resolu\u00e7\u00e3o:<\/p>\n<div class=\"more-link\">\n\t\t\t\t <a href=\"https:\/\/site.astrofoto.com.pt\/welcome\/produto\/telescopio-omegon-150-750-eq-320-advanced-usado\/\" class=\"btn theme-btn inverted\"><span>Continuar a Ler <\/span><\/a>\n\t\t\t<\/div>\n","protected":false},"featured_media":5755,"comment_status":"closed","ping_status":"closed","template":"","meta":[],"product_brand":[],"product_cat":[15,46],"product_tag":[],"class_list":{"0":"post-10017","1":"product","2":"type-product","3":"status-publish","4":"has-post-thumbnail","6":"product_cat-telescopios-reflectores","7":"product_cat-usados","9":"first","10":"outofstock","11":"sale","12":"shipping-taxable","13":"purchasable","14":"product-type-simple"},"_links":{"self":[{"href":"https:\/\/site.astrofoto.com.pt\/welcome\/wp-json\/wp\/v2\/product\/10017","targetHints":{"allow":["GET"]}}],"collection":[{"href":"https:\/\/site.astrofoto.com.pt\/welcome\/wp-json\/wp\/v2\/product"}],"about":[{"href":"https:\/\/site.astrofoto.com.pt\/welcome\/wp-json\/wp\/v2\/types\/product"}],"replies":[{"embeddable":true,"href":"https:\/\/site.astrofoto.com.pt\/welcome\/wp-json\/wp\/v2\/comments?post=10017"}],"wp:featuredmedia":[{"embeddable":true,"href":"https:\/\/site.astrofoto.com.pt\/welcome\/wp-json\/wp\/v2\/media\/5755"}],"wp:attachment":[{"href":"https:\/\/site.astrofoto.com.pt\/welcome\/wp-json\/wp\/v2\/media?parent=10017"}],"wp:term":[{"taxonomy":"product_brand","embeddable":true,"href":"https:\/\/site.astrofoto.com.pt\/welcome\/wp-json\/wp\/v2\/product_brand?post=10017"},{"taxonomy":"product_cat","embeddable":true,"href":"https:\/\/site.astrofoto.com.pt\/welcome\/wp-json\/wp\/v2\/product_cat?post=10017"},{"taxonomy":"product_tag","embeddable":true,"href":"https:\/\/site.astrofoto.com.pt\/welcome\/wp-json\/wp\/v2\/product_tag?post=10017"}],"curies":[{"name":"wp","href":"https:\/\/api.w.org\/{rel}","templated":true}]}}