{"id":10008,"date":"2024-11-05T13:50:27","date_gmt":"2024-11-05T13:50:27","guid":{"rendered":"https:\/\/site.astrofoto.com.pt\/welcome\/?post_type=product&#038;p=10008"},"modified":"2026-02-06T12:46:05","modified_gmt":"2026-02-06T12:46:05","slug":"zwo-seestar-s30","status":"publish","type":"product","link":"https:\/\/site.astrofoto.com.pt\/welcome\/produto\/zwo-seestar-s30\/","title":{"rendered":"ZWO Seestar S30"},"content":{"rendered":"<p><strong>ZWO Seestar S30<\/strong><\/p>\n<p>Depois do Seestar S50 agora o S30!<br \/>\n\u25ba Dupla objectiva: Tele e grande angular.<br \/>\nAp\u00f3s ter oferecido separadamente todos os componentes necess\u00e1rios para imagens astron\u00f3micas para o grande p\u00fablico aficionado a ZWO reuniu-os num \u00fanico instrumento.<\/p>\n<p>De fato, o Seestar S30 incorpora:<br \/>\n\u2022 um tubo \u00f3ptico refrator triplo\u00a0<strong>apocrom\u00e1tico<\/strong>,<br \/>\n\u2022 um sistema de\u00a0<strong>autofocus<\/strong>,<br \/>\n\u2022 uma montagem\u00a0<strong>azimutal GoTo<\/strong>,<br \/>\n\u2022 uma\u00a0<strong>c\u00e2mara<\/strong>,<br \/>\n\u2022 uma\u00a0<strong>roda de filtros<\/strong><br \/>\n\u2022 um sistema\u00a0<strong>tipo ASIAIR<\/strong>\u00a0para controlar tudo!<\/p>\n<p>Chip: Sony IMX662<br \/>\nResolu\u00e7\u00e3o do chip 1920 x 1080 pxTipo de objetiva: Triplet apocromatica<br \/>\nDi\u00e2metro da objetiva 30 mm<br \/>\nDist\u00e2ncia focal: 150 mm<br \/>\nMontagem: Azimutal computorizada GoTo<br \/>\nLiga\u00e7\u00e3o: Bluetooth \/ Wi-Fi (5 Ghz + 2,4 GHz)<br \/>\nAutonomia da bateria: 6 h<br \/>\nTemperatura ambiente : 0\u00b0C \u00e0 40\u00b0C \/ Humidade inferior a 60%<br \/>\n<strong>\u25baPeso: 1,65Kg<br \/>\n<\/strong>Dimens\u00f5es: 210x140x80mm<\/p>\n<p>O sistema cuida das suas fotos. Voc\u00ea s\u00f3 precisa verificar as condi\u00e7\u00f5es meteorol\u00f3gicas e potenciais alvos noturnos, ent\u00e3o selecione o modo de imagem, paisagem ou observa\u00e7\u00e3o de estrelas.<br \/>\n\u00c9 assim t\u00e3o simples!<\/p>\n<p>Voc\u00ea observar\u00e1 os objetos invis\u00edveis do c\u00e9u noturno. O Seestar S30 tira fotografias e combina-as automaticamente, conforme voc\u00ea avan\u00e7a. Quanto maior o n\u00famero de fotos gravadas, mais rica e colorida ser\u00e1 a imagem resultante, revelando detalhes insuspeitos sobre objetos normalmente invis\u00edveis a olho nu.<\/p>\n<p>O instrumento \u00e9 f\u00e1cil de usar e de aprendizagem simples. O controle \u00e9 realizado por um aplicativo dedicado atrav\u00e9s do Wi-Fi ou Bluetooth integrado. O aplicativo, o GPS do seu telefone e os sensores internos ajudam a nivelar o instrumento, para inicializar o sistema e calibr\u00e1-lo no c\u00e9u.<br \/>\nVoc\u00ea n\u00e3o precisa ser um especialista; o Seestar S30 vai guia-lo por todas essas etapas.<\/p>\n<p>\u25baver no <a href=\"https:\/\/www.youtube.com\/watch?v=BEb2UyrHwfM\">youtube<\/a><\/p>\n<p>\u25ba extra:\u00a0<a href=\"https:\/\/site.astrofoto.com.pt\/welcome\/produto\/wedge-equatorial-sw\/\">wedge equatorial SW<\/a><br \/>\npara compensar rota\u00e7\u00e3o de campo<\/p>\n<p><em>\u25bamais info:<strong><br \/>\n<\/strong><\/em><strong>Sensor Sony IMX662 de n\u00edvel Starlight (Starves 2)<\/strong><br \/>\nCom alta sensibilidade e baixo ru\u00eddo, mesmo durante exposi\u00e7\u00f5es prolongadas no c\u00e9u profundo, a interfer\u00eancia de ru\u00eddo \u00e9 minimizada, garantindo desempenho superior nas noites mais escuras.<\/p>\n<p><strong>Filtros triplos para v\u00e1rios cen\u00e1rios de disparo<\/strong><br \/>\nFiltro de campo escuro: reduz automaticamente o ru\u00eddo gerado por longas exposi\u00e7\u00f5es durante a fotografia do c\u00e9u profundo.<br \/>\nFiltro de corte UV\/IR: bloqueia efetivamente a interfer\u00eancia da luz infravermelha para capturas celestiais mais n\u00edtidas.<br \/>\nFiltro de polui\u00e7\u00e3o luminosa astron\u00f3mica: otimizado para comprimentos de onda OIII e Ha, minimiza o impacto do luar e da polui\u00e7\u00e3o luminosa urbana, fornecendo imagens cristalinas de nebulosas de emiss\u00e3o.<\/p>\n<p><strong>Redu\u00e7\u00e3o inteligente de ru\u00eddo com p\u00f3s-processamento autom\u00e1tico<\/strong><br \/>\nA cria\u00e7\u00e3o de imagens com um toque, reduzindo o ru\u00eddo e preservando os detalhes do alvo, garante clareza mesmo em \u00e1reas com muita polui\u00e7\u00e3o luminosa. Voc\u00ea tamb\u00e9m pode ajustar o estilo da sua imagem de acordo com seu gosto e compartilhar sua imagem impressionante instantaneamente.<\/p>\n","protected":false},"excerpt":{"rendered":"<p>ZWO Seestar S30 Depois do Seestar S50 agora o S30! \u25ba Dupla objectiva: Tele e grande angular. Ap\u00f3s ter oferecido separadamente todos os componentes necess\u00e1rios para imagens astron\u00f3micas para o grande p\u00fablico aficionado a ZWO reuniu-os num \u00fanico instrumento. De fato, o Seestar S30 incorpora: \u2022 um tubo \u00f3ptico refrator triplo\u00a0apocrom\u00e1tico, \u2022 um sistema de\u00a0autofocus,<\/p>\n<div class=\"more-link\">\n\t\t\t\t <a href=\"https:\/\/site.astrofoto.com.pt\/welcome\/produto\/zwo-seestar-s30\/\" class=\"btn theme-btn inverted\"><span>Continuar a Ler <\/span><\/a>\n\t\t\t<\/div>\n","protected":false},"featured_media":10010,"comment_status":"closed","ping_status":"closed","template":"","meta":[],"product_brand":[],"product_cat":[24,68],"product_tag":[],"class_list":{"0":"post-10008","1":"product","2":"type-product","3":"status-publish","4":"has-post-thumbnail","6":"product_cat-fotografia-astronomica","7":"product_cat-wi-fi","9":"first","10":"onbackorder","11":"sale","12":"shipping-taxable","13":"purchasable","14":"product-type-simple"},"_links":{"self":[{"href":"https:\/\/site.astrofoto.com.pt\/welcome\/wp-json\/wp\/v2\/product\/10008","targetHints":{"allow":["GET"]}}],"collection":[{"href":"https:\/\/site.astrofoto.com.pt\/welcome\/wp-json\/wp\/v2\/product"}],"about":[{"href":"https:\/\/site.astrofoto.com.pt\/welcome\/wp-json\/wp\/v2\/types\/product"}],"replies":[{"embeddable":true,"href":"https:\/\/site.astrofoto.com.pt\/welcome\/wp-json\/wp\/v2\/comments?post=10008"}],"wp:featuredmedia":[{"embeddable":true,"href":"https:\/\/site.astrofoto.com.pt\/welcome\/wp-json\/wp\/v2\/media\/10010"}],"wp:attachment":[{"href":"https:\/\/site.astrofoto.com.pt\/welcome\/wp-json\/wp\/v2\/media?parent=10008"}],"wp:term":[{"taxonomy":"product_brand","embeddable":true,"href":"https:\/\/site.astrofoto.com.pt\/welcome\/wp-json\/wp\/v2\/product_brand?post=10008"},{"taxonomy":"product_cat","embeddable":true,"href":"https:\/\/site.astrofoto.com.pt\/welcome\/wp-json\/wp\/v2\/product_cat?post=10008"},{"taxonomy":"product_tag","embeddable":true,"href":"https:\/\/site.astrofoto.com.pt\/welcome\/wp-json\/wp\/v2\/product_tag?post=10008"}],"curies":[{"name":"wp","href":"https:\/\/api.w.org\/{rel}","templated":true}]}}