{"id":6182,"date":"2021-02-21T11:31:15","date_gmt":"2021-02-21T11:31:15","guid":{"rendered":"http:\/\/site.astrofoto.com.pt\/welcome\/?page_id=6182"},"modified":"2023-06-28T23:00:35","modified_gmt":"2023-06-28T23:00:35","slug":"https-site-astrofoto-com-pt-welcome-categoria-produto-usados","status":"publish","type":"page","link":"https:\/\/site.astrofoto.com.pt\/welcome\/https-site-astrofoto-com-pt-welcome-categoria-produto-usados\/","title":{"rendered":"USADOS"},"content":{"rendered":"\t\t<div data-elementor-type=\"wp-page\" data-elementor-id=\"6182\" class=\"elementor elementor-6182\">\n\t\t\t\t\t\t<section class=\"elementor-section elementor-top-section elementor-element elementor-element-7513f5a7 elementor-section-boxed elementor-section-height-default elementor-section-height-default\" data-id=\"7513f5a7\" data-element_type=\"section\" data-e-type=\"section\">\n\t\t\t\t\t\t<div class=\"elementor-container elementor-column-gap-custom\">\n\t\t\t\t\t<div class=\"elementor-column elementor-col-100 elementor-top-column elementor-element elementor-element-6a0fa58\" data-id=\"6a0fa58\" data-element_type=\"column\" data-e-type=\"column\">\n\t\t\t<div class=\"elementor-widget-wrap elementor-element-populated\">\n\t\t\t\t\t\t<div class=\"elementor-element elementor-element-549171e8 elementor-widget elementor-widget-text-editor\" data-id=\"549171e8\" data-element_type=\"widget\" data-e-type=\"widget\" data-widget_type=\"text-editor.default\">\n\t\t\t\t<div class=\"elementor-widget-container\">\n\t\t\t\t\t\t\t\t\t<p>\u25baA<b>s negocia\u00e7\u00f5es ser\u00e3o diretas entre vendedor e comprador<br \/><\/b><b style=\"color: var( --e-global-color-text ); font-family: var( --e-global-typography-text-font-family ), Sans-serif; font-size: 1rem;\">Apenas garantimos o estado do equipamento e, em alguns casos, a idoneidade do vendedor.<br \/>\u25baN\u00e3o\u00a0 efetue pagamentos antes da conclus\u00e3o das negocia\u00e7\u00f5es.<\/b><\/p>\n<p><\/p>\n<p><\/p>\t\t\t\t\t\t\t\t<\/div>\n\t\t\t\t<\/div>\n\t\t\t\t\t<\/div>\n\t\t<\/div>\n\t\t\t\t\t<\/div>\n\t\t<\/section>\n\t\t\t\t<section class=\"elementor-section elementor-top-section elementor-element elementor-element-684b0ee elementor-section-boxed elementor-section-height-default elementor-section-height-default\" data-id=\"684b0ee\" data-element_type=\"section\" data-e-type=\"section\">\n\t\t\t\t\t\t<div class=\"elementor-container elementor-column-gap-default\">\n\t\t\t\t\t<div class=\"elementor-column elementor-col-100 elementor-top-column elementor-element elementor-element-efe23d4\" data-id=\"efe23d4\" data-element_type=\"column\" data-e-type=\"column\">\n\t\t\t<div class=\"elementor-widget-wrap elementor-element-populated\">\n\t\t\t\t\t\t<div class=\"elementor-element elementor-element-1107aa1 elementor-widget elementor-widget-image\" data-id=\"1107aa1\" data-element_type=\"widget\" data-e-type=\"widget\" data-widget_type=\"image.default\">\n\t\t\t\t<div class=\"elementor-widget-container\">\n\t\t\t\t\t\t\t\t\t\t\t\t\t\t\t\t<a href=\"https:\/\/site.astrofoto.com.pt\/welcome\/categoria-produto\/usados\/\">\n\t\t\t\t\t\t\t<img fetchpriority=\"high\" decoding=\"async\" width=\"250\" height=\"250\" src=\"https:\/\/site.astrofoto.com.pt\/welcome\/wp-content\/uploads\/2022\/09\/usados.jpg\" class=\"attachment-large size-large wp-image-8462\" alt=\"\" srcset=\"https:\/\/site.astrofoto.com.pt\/welcome\/wp-content\/uploads\/2022\/09\/usados.jpg 250w, https:\/\/site.astrofoto.com.pt\/welcome\/wp-content\/uploads\/2022\/09\/usados-150x150.jpg 150w, https:\/\/site.astrofoto.com.pt\/welcome\/wp-content\/uploads\/2022\/09\/usados-100x100.jpg 100w\" sizes=\"(max-width: 250px) 100vw, 250px\" \/>\t\t\t\t\t\t\t\t<\/a>\n\t\t\t\t\t\t\t\t\t\t\t\t\t\t\t<\/div>\n\t\t\t\t<\/div>\n\t\t\t\t\t<\/div>\n\t\t<\/div>\n\t\t\t\t\t<\/div>\n\t\t<\/section>\n\t\t\t\t<\/div>\n\t\t","protected":false},"excerpt":{"rendered":"<p>\u25baAs negocia\u00e7\u00f5es ser\u00e3o diretas entre vendedor e compradorApenas garantimos o estado do equipamento e, em alguns casos, a idoneidade do vendedor.\u25baN\u00e3o\u00a0 efetue pagamentos antes da conclus\u00e3o das negocia\u00e7\u00f5es.<\/p>\n","protected":false},"author":1,"featured_media":6111,"parent":0,"menu_order":0,"comment_status":"closed","ping_status":"closed","template":"","meta":{"footnotes":""},"class_list":["post-6182","page","type-page","status-publish","has-post-thumbnail","hentry"],"_links":{"self":[{"href":"https:\/\/site.astrofoto.com.pt\/welcome\/wp-json\/wp\/v2\/pages\/6182","targetHints":{"allow":["GET"]}}],"collection":[{"href":"https:\/\/site.astrofoto.com.pt\/welcome\/wp-json\/wp\/v2\/pages"}],"about":[{"href":"https:\/\/site.astrofoto.com.pt\/welcome\/wp-json\/wp\/v2\/types\/page"}],"author":[{"embeddable":true,"href":"https:\/\/site.astrofoto.com.pt\/welcome\/wp-json\/wp\/v2\/users\/1"}],"replies":[{"embeddable":true,"href":"https:\/\/site.astrofoto.com.pt\/welcome\/wp-json\/wp\/v2\/comments?post=6182"}],"version-history":[{"count":23,"href":"https:\/\/site.astrofoto.com.pt\/welcome\/wp-json\/wp\/v2\/pages\/6182\/revisions"}],"predecessor-version":[{"id":9166,"href":"https:\/\/site.astrofoto.com.pt\/welcome\/wp-json\/wp\/v2\/pages\/6182\/revisions\/9166"}],"wp:featuredmedia":[{"embeddable":true,"href":"https:\/\/site.astrofoto.com.pt\/welcome\/wp-json\/wp\/v2\/media\/6111"}],"wp:attachment":[{"href":"https:\/\/site.astrofoto.com.pt\/welcome\/wp-json\/wp\/v2\/media?parent=6182"}],"curies":[{"name":"wp","href":"https:\/\/api.w.org\/{rel}","templated":true}]}}